{"id":837,"date":"2025-07-04T19:25:30","date_gmt":"2025-07-04T17:25:30","guid":{"rendered":"http:\/\/caec-cabinet.com\/?page_id=837"},"modified":"2025-08-13T20:36:36","modified_gmt":"2025-08-13T18:36:36","slug":"international-business-advisory","status":"publish","type":"page","link":"https:\/\/caec-cabinet.com\/en\/international-business-advisory\/","title":{"rendered":"International business advisory services"},"content":{"rendered":"<div data-elementor-type=\"wp-page\" data-elementor-id=\"837\" class=\"elementor elementor-837\">\n\t\t\t\t\t\t<section class=\"elementor-section elementor-top-section elementor-element elementor-element-89af487 elementor-section-height-min-height elementor-section-boxed elementor-section-height-default elementor-section-items-middle wpr-particle-no wpr-jarallax-no wpr-parallax-no wpr-sticky-section-no\" data-id=\"89af487\" data-element_type=\"section\" data-settings=\"{&quot;background_background&quot;:&quot;classic&quot;}\">\n\t\t\t\t\t\t\t<div class=\"elementor-background-overlay\"><\/div>\n\t\t\t\t\t\t\t<div class=\"elementor-container elementor-column-gap-default\">\n\t\t\t\t\t<div class=\"elementor-column elementor-col-100 elementor-top-column elementor-element elementor-element-6428e74\" data-id=\"6428e74\" data-element_type=\"column\">\n\t\t\t<div class=\"elementor-widget-wrap elementor-element-populated\">\n\t\t\t\t\t\t<div class=\"elementor-element elementor-element-54f7b8f de_scroll_animation_no elementor-invisible elementor-widget elementor-widget-heading\" data-id=\"54f7b8f\" data-element_type=\"widget\" data-settings=\"{&quot;_animation&quot;:&quot;fadeIn&quot;}\" data-widget_type=\"heading.default\">\n\t\t\t\t<div class=\"elementor-widget-container\">\n\t\t\t\t\t<h1 class=\"elementor-heading-title elementor-size-default\">International operations <br>Business Advisory<\/h1>\t\t\t\t<\/div>\n\t\t\t\t<\/div>\n\t\t\t\t<div class=\"elementor-element elementor-element-65f75bf elementor-icon-list--layout-inline elementor-align-center elementor-mobile-align-center elementor-list-item-link-full_width de_scroll_animation_no elementor-invisible elementor-widget elementor-widget-icon-list\" data-id=\"65f75bf\" data-element_type=\"widget\" data-settings=\"{&quot;_animation&quot;:&quot;fadeIn&quot;,&quot;_animation_delay&quot;:200}\" data-widget_type=\"icon-list.default\">\n\t\t\t\t<div class=\"elementor-widget-container\">\n\t\t\t\t\t\t\t<ul class=\"elementor-icon-list-items elementor-inline-items\">\n\t\t\t\t\t\t\t<li class=\"elementor-icon-list-item elementor-inline-item\">\n\t\t\t\t\t\t\t\t\t\t\t<a href=\"https:\/\/caec-cabinet.com\/en\/\">\n\n\t\t\t\t\t\t\t\t\t\t\t<span class=\"elementor-icon-list-text\">Homepage<\/span>\n\t\t\t\t\t\t\t\t\t\t\t<\/a>\n\t\t\t\t\t\t\t\t\t<\/li>\n\t\t\t\t\t\t\t\t<li class=\"elementor-icon-list-item elementor-inline-item\">\n\t\t\t\t\t\t\t\t\t\t\t<a href=\"https:\/\/caec-cabinet.com\/en\/nos-expertises\/\">\n\n\t\t\t\t\t\t\t\t\t\t\t\t<span class=\"elementor-icon-list-icon\">\n\t\t\t\t\t\t\t<i aria-hidden=\"true\" class=\"icon icon-right-arrow1\"><\/i>\t\t\t\t\t\t<\/span>\n\t\t\t\t\t\t\t\t\t\t<span class=\"elementor-icon-list-text\">Our expertises<\/span>\n\t\t\t\t\t\t\t\t\t\t\t<\/a>\n\t\t\t\t\t\t\t\t\t<\/li>\n\t\t\t\t\t\t\t\t<li class=\"elementor-icon-list-item elementor-inline-item\">\n\t\t\t\t\t\t\t\t\t\t\t<a href=\"https:\/\/caec-cabinet.com\/en\/international-business-advisory\/\">\n\n\t\t\t\t\t\t\t\t\t\t\t\t<span class=\"elementor-icon-list-icon\">\n\t\t\t\t\t\t\t<i aria-hidden=\"true\" class=\"icon icon-right-arrow1\"><\/i>\t\t\t\t\t\t<\/span>\n\t\t\t\t\t\t\t\t\t\t<span class=\"elementor-icon-list-text\">International business advisory services<\/span>\n\t\t\t\t\t\t\t\t\t\t\t<\/a>\n\t\t\t\t\t\t\t\t\t<\/li>\n\t\t\t\t\t\t<\/ul>\n\t\t\t\t\t\t<\/div>\n\t\t\t\t<\/div>\n\t\t\t\t\t<\/div>\n\t\t<\/div>\n\t\t\t\t\t<\/div>\n\t\t<\/section>\n\t\t<div class=\"elementor-element elementor-element-609dd05 e-con-full e-flex wpr-particle-no wpr-jarallax-no wpr-parallax-no wpr-sticky-section-no e-con e-parent\" data-id=\"609dd05\" data-element_type=\"container\" data-settings=\"{&quot;background_background&quot;:&quot;gradient&quot;}\">\n\t\t<div class=\"elementor-element elementor-element-4987af3 e-flex e-con-boxed wpr-particle-no wpr-jarallax-no wpr-parallax-no wpr-sticky-section-no e-con e-child\" data-id=\"4987af3\" data-element_type=\"container\">\n\t\t\t\t\t<div class=\"e-con-inner\">\n\t\t<div class=\"elementor-element elementor-element-f5623f3 e-con-full e-flex wpr-particle-no wpr-jarallax-no wpr-parallax-no wpr-sticky-section-no e-con e-child\" data-id=\"f5623f3\" data-element_type=\"container\">\n\t\t\t\t<div class=\"elementor-element elementor-element-e44566c de_scroll_animation_no elementor-invisible elementor-widget elementor-widget-text-editor\" data-id=\"e44566c\" data-element_type=\"widget\" data-settings=\"{&quot;_animation&quot;:&quot;fadeIn&quot;,&quot;_animation_delay&quot;:400}\" data-widget_type=\"text-editor.default\">\n\t\t\t\t<div class=\"elementor-widget-container\">\n\t\t\t\t\t\t\t\t\t<p><span style=\"font-weight: 400;\">CAE&amp;C analyses your project with you and provides you with multidisciplinary and multicultural expertise in order to put your business operations on a stronger footing and make them more likely to be successful.<\/span><\/p><p><span style=\"font-weight: 400;\">We provide support to French businesses looking to explore the international market and to foreign businesses setting up in France or Europe.<\/span><\/p><p><span style=\"font-weight: 400;\">In France, CAE&amp;C provides supports to foreign busineeses by taking on their oneruous administrative, accounting, tax and legal tasks. As your key partner, which is extremely familiar with the French business environment, we analyse your needs with you in order to offer the best solution to ensure that your project is a success.<\/span><\/p>\t\t\t\t\t\t\t\t<\/div>\n\t\t\t\t<\/div>\n\t\t\t\t<\/div>\n\t\t<div class=\"elementor-element elementor-element-a08a323 e-con-full e-flex wpr-particle-no wpr-jarallax-no wpr-parallax-no wpr-sticky-section-no e-con e-child\" data-id=\"a08a323\" data-element_type=\"container\">\n\t\t\t\t<div class=\"elementor-element elementor-element-2beef5a de_scroll_animation_no elementor-widget elementor-widget-image\" data-id=\"2beef5a\" data-element_type=\"widget\" data-widget_type=\"image.default\">\n\t\t\t\t<div class=\"elementor-widget-container\">\n\t\t\t\t\t\t\t\t\t\t\t\t\t\t\t<img fetchpriority=\"high\" decoding=\"async\" width=\"768\" height=\"512\" src=\"https:\/\/caec-cabinet.com\/wp-content\/uploads\/2025\/07\/teammates-working-late-office_BD-768x512.jpg\" class=\"attachment-medium_large size-medium_large wp-image-3813\" alt=\"\" srcset=\"https:\/\/caec-cabinet.com\/wp-content\/uploads\/2025\/07\/teammates-working-late-office_BD-768x512.jpg 768w, https:\/\/caec-cabinet.com\/wp-content\/uploads\/2025\/07\/teammates-working-late-office_BD-300x200.jpg 300w, https:\/\/caec-cabinet.com\/wp-content\/uploads\/2025\/07\/teammates-working-late-office_BD-1024x683.jpg 1024w, https:\/\/caec-cabinet.com\/wp-content\/uploads\/2025\/07\/teammates-working-late-office_BD-1536x1024.jpg 1536w, https:\/\/caec-cabinet.com\/wp-content\/uploads\/2025\/07\/teammates-working-late-office_BD-18x12.jpg 18w, https:\/\/caec-cabinet.com\/wp-content\/uploads\/2025\/07\/teammates-working-late-office_BD.jpg 1920w\" sizes=\"(max-width: 768px) 100vw, 768px\" \/>\t\t\t\t\t\t\t\t\t\t\t\t\t\t\t<\/div>\n\t\t\t\t<\/div>\n\t\t\t\t<\/div>\n\t\t\t\t\t<\/div>\n\t\t\t\t<\/div>\n\t\t\t\t<\/div>\n\t\t<div class=\"elementor-element elementor-element-7cce3f19 e-flex e-con-boxed wpr-particle-no wpr-jarallax-no wpr-parallax-no wpr-sticky-section-no e-con e-parent\" data-id=\"7cce3f19\" data-element_type=\"container\" data-settings=\"{&quot;background_background&quot;:&quot;classic&quot;}\">\n\t\t\t\t\t<div class=\"e-con-inner\">\n\t\t<div class=\"elementor-element elementor-element-24b39745 e-con-full e-flex wpr-particle-no wpr-jarallax-no wpr-parallax-no wpr-sticky-section-no e-con e-child\" data-id=\"24b39745\" data-element_type=\"container\">\n\t\t\t\t<div class=\"elementor-element elementor-element-24fa8ef9 elementor-widget__width-inherit animated-slow de_scroll_animation_no elementor-invisible elementor-widget elementor-widget-heading\" data-id=\"24fa8ef9\" data-element_type=\"widget\" data-settings=\"{&quot;_animation&quot;:&quot;fadeIn&quot;,&quot;_animation_delay&quot;:200}\" data-widget_type=\"heading.default\">\n\t\t\t\t<div class=\"elementor-widget-container\">\n\t\t\t\t\t<h2 class=\"elementor-heading-title elementor-size-default translation-block\">Tailored support<\/h2>\t\t\t\t<\/div>\n\t\t\t\t<\/div>\n\t\t\t\t<\/div>\n\t\t\t\t\t<\/div>\n\t\t\t\t<\/div>\n\t\t<div class=\"elementor-element elementor-element-c7f8cc4 e-flex e-con-boxed wpr-particle-no wpr-jarallax-no wpr-parallax-no wpr-sticky-section-no e-con e-parent\" data-id=\"c7f8cc4\" data-element_type=\"container\" data-settings=\"{&quot;background_background&quot;:&quot;classic&quot;}\">\n\t\t\t\t\t<div class=\"e-con-inner\">\n\t\t<div class=\"elementor-element elementor-element-ebe1675 e-con-full e-flex wpr-particle-no wpr-jarallax-no wpr-parallax-no wpr-sticky-section-no e-con e-child\" data-id=\"ebe1675\" data-element_type=\"container\">\n\t\t<div class=\"elementor-element elementor-element-7949d9d e-con-full e-flex wpr-particle-no wpr-jarallax-no wpr-parallax-no wpr-sticky-section-no elementor-invisible e-con e-child\" data-id=\"7949d9d\" data-element_type=\"container\" data-settings=\"{&quot;animation&quot;:&quot;fadeIn&quot;,&quot;animation_delay&quot;:400}\">\n\t\t\t\t<div class=\"elementor-element elementor-element-7b0a5b8 elementor-position-top de_scroll_animation_no elementor-widget elementor-widget-image-box\" data-id=\"7b0a5b8\" data-element_type=\"widget\" data-widget_type=\"image-box.default\">\n\t\t\t\t<div class=\"elementor-widget-container\">\n\t\t\t\t\t<div class=\"elementor-image-box-wrapper\"><figure class=\"elementor-image-box-img\"><a href=\"https:\/\/caec-cabinet.com\/en\/audit-dacquisition-cession-dentreprise\/\" tabindex=\"-1\"><img decoding=\"async\" width=\"768\" height=\"512\" src=\"https:\/\/caec-cabinet.com\/wp-content\/uploads\/2025\/07\/side-view-people-working-together_BD-768x512.jpg\" class=\"elementor-animation-float attachment-medium_large size-medium_large wp-image-1470\" alt=\"\" srcset=\"https:\/\/caec-cabinet.com\/wp-content\/uploads\/2025\/07\/side-view-people-working-together_BD-768x512.jpg 768w, https:\/\/caec-cabinet.com\/wp-content\/uploads\/2025\/07\/side-view-people-working-together_BD-300x200.jpg 300w, https:\/\/caec-cabinet.com\/wp-content\/uploads\/2025\/07\/side-view-people-working-together_BD-1024x683.jpg 1024w, https:\/\/caec-cabinet.com\/wp-content\/uploads\/2025\/07\/side-view-people-working-together_BD-1536x1024.jpg 1536w, https:\/\/caec-cabinet.com\/wp-content\/uploads\/2025\/07\/side-view-people-working-together_BD.jpg 1920w\" sizes=\"(max-width: 768px) 100vw, 768px\" \/><\/a><\/figure><div class=\"elementor-image-box-content\"><h3 class=\"elementor-image-box-title\"><a href=\"https:\/\/caec-cabinet.com\/en\/audit-dacquisition-cession-dentreprise\/\">Tax compliance <\/a><\/h3><\/div><\/div>\t\t\t\t<\/div>\n\t\t\t\t<\/div>\n\t\t\t\t<div class=\"elementor-element elementor-element-8e00311 elementor-align-center e-transform de_scroll_animation_no elementor-widget elementor-widget-button\" data-id=\"8e00311\" data-element_type=\"widget\" data-settings=\"{&quot;_transform_translateY_effect_hover&quot;:{&quot;unit&quot;:&quot;px&quot;,&quot;size&quot;:-7,&quot;sizes&quot;:[]},&quot;_transform_translateX_effect_hover&quot;:{&quot;unit&quot;:&quot;px&quot;,&quot;size&quot;:&quot;&quot;,&quot;sizes&quot;:[]},&quot;_transform_translateX_effect_hover_tablet&quot;:{&quot;unit&quot;:&quot;px&quot;,&quot;size&quot;:&quot;&quot;,&quot;sizes&quot;:[]},&quot;_transform_translateX_effect_hover_mobile&quot;:{&quot;unit&quot;:&quot;px&quot;,&quot;size&quot;:&quot;&quot;,&quot;sizes&quot;:[]},&quot;_transform_translateY_effect_hover_tablet&quot;:{&quot;unit&quot;:&quot;px&quot;,&quot;size&quot;:&quot;&quot;,&quot;sizes&quot;:[]},&quot;_transform_translateY_effect_hover_mobile&quot;:{&quot;unit&quot;:&quot;px&quot;,&quot;size&quot;:&quot;&quot;,&quot;sizes&quot;:[]}}\" data-widget_type=\"button.default\">\n\t\t\t\t<div class=\"elementor-widget-container\">\n\t\t\t\t\t\t\t\t\t<div class=\"elementor-button-wrapper\">\n\t\t\t\t\t<a class=\"elementor-button elementor-button-link elementor-size-sm\" href=\"https:\/\/caec-cabinet.com\/en\/tax-compliance\/\">\n\t\t\t\t\t\t<span class=\"elementor-button-content-wrapper\">\n\t\t\t\t\t\t\t\t\t<span class=\"elementor-button-text\">Learn more +<\/span>\n\t\t\t\t\t<\/span>\n\t\t\t\t\t<\/a>\n\t\t\t\t<\/div>\n\t\t\t\t\t\t\t\t<\/div>\n\t\t\t\t<\/div>\n\t\t\t\t<\/div>\n\t\t<div class=\"elementor-element elementor-element-ed2cf63 e-con-full e-flex wpr-particle-no wpr-jarallax-no wpr-parallax-no wpr-sticky-section-no elementor-invisible e-con e-child\" data-id=\"ed2cf63\" data-element_type=\"container\" data-settings=\"{&quot;animation&quot;:&quot;fadeIn&quot;,&quot;animation_delay&quot;:400}\">\n\t\t\t\t<div class=\"elementor-element elementor-element-c5d35d4 elementor-position-top de_scroll_animation_no elementor-widget elementor-widget-image-box\" data-id=\"c5d35d4\" data-element_type=\"widget\" data-widget_type=\"image-box.default\">\n\t\t\t\t<div class=\"elementor-widget-container\">\n\t\t\t\t\t<div class=\"elementor-image-box-wrapper\"><figure class=\"elementor-image-box-img\"><img decoding=\"async\" width=\"768\" height=\"512\" src=\"https:\/\/caec-cabinet.com\/wp-content\/uploads\/2025\/07\/empty-boardroom-glass-wall-meeting-room-with-conference-table-shared-desk-team-workplaces-trading-graphs-monitor-office-interior-commercial-real-estate-concept_BD-768x512.jpg\" class=\"elementor-animation-float attachment-medium_large size-medium_large wp-image-3800\" alt=\"\" srcset=\"https:\/\/caec-cabinet.com\/wp-content\/uploads\/2025\/07\/empty-boardroom-glass-wall-meeting-room-with-conference-table-shared-desk-team-workplaces-trading-graphs-monitor-office-interior-commercial-real-estate-concept_BD-768x512.jpg 768w, https:\/\/caec-cabinet.com\/wp-content\/uploads\/2025\/07\/empty-boardroom-glass-wall-meeting-room-with-conference-table-shared-desk-team-workplaces-trading-graphs-monitor-office-interior-commercial-real-estate-concept_BD-300x200.jpg 300w, https:\/\/caec-cabinet.com\/wp-content\/uploads\/2025\/07\/empty-boardroom-glass-wall-meeting-room-with-conference-table-shared-desk-team-workplaces-trading-graphs-monitor-office-interior-commercial-real-estate-concept_BD-1024x683.jpg 1024w, https:\/\/caec-cabinet.com\/wp-content\/uploads\/2025\/07\/empty-boardroom-glass-wall-meeting-room-with-conference-table-shared-desk-team-workplaces-trading-graphs-monitor-office-interior-commercial-real-estate-concept_BD-1536x1024.jpg 1536w, https:\/\/caec-cabinet.com\/wp-content\/uploads\/2025\/07\/empty-boardroom-glass-wall-meeting-room-with-conference-table-shared-desk-team-workplaces-trading-graphs-monitor-office-interior-commercial-real-estate-concept_BD-18x12.jpg 18w, https:\/\/caec-cabinet.com\/wp-content\/uploads\/2025\/07\/empty-boardroom-glass-wall-meeting-room-with-conference-table-shared-desk-team-workplaces-trading-graphs-monitor-office-interior-commercial-real-estate-concept_BD.jpg 1920w\" sizes=\"(max-width: 768px) 100vw, 768px\" \/><\/figure><div class=\"elementor-image-box-content\"><h3 class=\"elementor-image-box-title\">Accounting and advisory services<\/h3><\/div><\/div>\t\t\t\t<\/div>\n\t\t\t\t<\/div>\n\t\t\t\t<div class=\"elementor-element elementor-element-e3fd559 elementor-align-center e-transform de_scroll_animation_no elementor-widget elementor-widget-button\" data-id=\"e3fd559\" data-element_type=\"widget\" data-settings=\"{&quot;_transform_translateY_effect_hover&quot;:{&quot;unit&quot;:&quot;px&quot;,&quot;size&quot;:-7,&quot;sizes&quot;:[]},&quot;_transform_translateX_effect_hover&quot;:{&quot;unit&quot;:&quot;px&quot;,&quot;size&quot;:&quot;&quot;,&quot;sizes&quot;:[]},&quot;_transform_translateX_effect_hover_tablet&quot;:{&quot;unit&quot;:&quot;px&quot;,&quot;size&quot;:&quot;&quot;,&quot;sizes&quot;:[]},&quot;_transform_translateX_effect_hover_mobile&quot;:{&quot;unit&quot;:&quot;px&quot;,&quot;size&quot;:&quot;&quot;,&quot;sizes&quot;:[]},&quot;_transform_translateY_effect_hover_tablet&quot;:{&quot;unit&quot;:&quot;px&quot;,&quot;size&quot;:&quot;&quot;,&quot;sizes&quot;:[]},&quot;_transform_translateY_effect_hover_mobile&quot;:{&quot;unit&quot;:&quot;px&quot;,&quot;size&quot;:&quot;&quot;,&quot;sizes&quot;:[]}}\" data-widget_type=\"button.default\">\n\t\t\t\t<div class=\"elementor-widget-container\">\n\t\t\t\t\t\t\t\t\t<div class=\"elementor-button-wrapper\">\n\t\t\t\t\t<a class=\"elementor-button elementor-button-link elementor-size-sm\" href=\"https:\/\/caec-cabinet.com\/en\/accounting-and-advisory\/\">\n\t\t\t\t\t\t<span class=\"elementor-button-content-wrapper\">\n\t\t\t\t\t\t\t\t\t<span class=\"elementor-button-text\">Learn more +<\/span>\n\t\t\t\t\t<\/span>\n\t\t\t\t\t<\/a>\n\t\t\t\t<\/div>\n\t\t\t\t\t\t\t\t<\/div>\n\t\t\t\t<\/div>\n\t\t\t\t<\/div>\n\t\t<div class=\"elementor-element elementor-element-b2c30d2 e-con-full e-flex wpr-particle-no wpr-jarallax-no wpr-parallax-no wpr-sticky-section-no elementor-invisible e-con e-child\" data-id=\"b2c30d2\" data-element_type=\"container\" data-settings=\"{&quot;animation&quot;:&quot;fadeIn&quot;,&quot;animation_delay&quot;:400}\">\n\t\t\t\t<div class=\"elementor-element elementor-element-3308eec elementor-position-top de_scroll_animation_no elementor-widget elementor-widget-image-box\" data-id=\"3308eec\" data-element_type=\"widget\" data-widget_type=\"image-box.default\">\n\t\t\t\t<div class=\"elementor-widget-container\">\n\t\t\t\t\t<div class=\"elementor-image-box-wrapper\"><figure class=\"elementor-image-box-img\"><img loading=\"lazy\" decoding=\"async\" width=\"768\" height=\"512\" src=\"https:\/\/caec-cabinet.com\/wp-content\/uploads\/2025\/07\/business-team-meeting-present-investor-colleagues-consultation-conference-new-strategy-plan-business-market-growth-financial-document-graph-report-meeting-talking-1_BD-768x512.jpg\" class=\"elementor-animation-float attachment-medium_large size-medium_large wp-image-2401\" alt=\"\" srcset=\"https:\/\/caec-cabinet.com\/wp-content\/uploads\/2025\/07\/business-team-meeting-present-investor-colleagues-consultation-conference-new-strategy-plan-business-market-growth-financial-document-graph-report-meeting-talking-1_BD-768x512.jpg 768w, https:\/\/caec-cabinet.com\/wp-content\/uploads\/2025\/07\/business-team-meeting-present-investor-colleagues-consultation-conference-new-strategy-plan-business-market-growth-financial-document-graph-report-meeting-talking-1_BD-300x200.jpg 300w, https:\/\/caec-cabinet.com\/wp-content\/uploads\/2025\/07\/business-team-meeting-present-investor-colleagues-consultation-conference-new-strategy-plan-business-market-growth-financial-document-graph-report-meeting-talking-1_BD-1024x683.jpg 1024w, https:\/\/caec-cabinet.com\/wp-content\/uploads\/2025\/07\/business-team-meeting-present-investor-colleagues-consultation-conference-new-strategy-plan-business-market-growth-financial-document-graph-report-meeting-talking-1_BD-1536x1024.jpg 1536w, https:\/\/caec-cabinet.com\/wp-content\/uploads\/2025\/07\/business-team-meeting-present-investor-colleagues-consultation-conference-new-strategy-plan-business-market-growth-financial-document-graph-report-meeting-talking-1_BD.jpg 1920w\" sizes=\"(max-width: 768px) 100vw, 768px\" \/><\/figure><div class=\"elementor-image-box-content\"><h3 class=\"elementor-image-box-title\">Payroll services<\/h3><\/div><\/div>\t\t\t\t<\/div>\n\t\t\t\t<\/div>\n\t\t\t\t<div class=\"elementor-element elementor-element-71be37e elementor-align-center e-transform de_scroll_animation_no elementor-widget elementor-widget-button\" data-id=\"71be37e\" data-element_type=\"widget\" data-settings=\"{&quot;_transform_translateY_effect_hover&quot;:{&quot;unit&quot;:&quot;px&quot;,&quot;size&quot;:-7,&quot;sizes&quot;:[]},&quot;_transform_translateX_effect_hover&quot;:{&quot;unit&quot;:&quot;px&quot;,&quot;size&quot;:&quot;&quot;,&quot;sizes&quot;:[]},&quot;_transform_translateX_effect_hover_tablet&quot;:{&quot;unit&quot;:&quot;px&quot;,&quot;size&quot;:&quot;&quot;,&quot;sizes&quot;:[]},&quot;_transform_translateX_effect_hover_mobile&quot;:{&quot;unit&quot;:&quot;px&quot;,&quot;size&quot;:&quot;&quot;,&quot;sizes&quot;:[]},&quot;_transform_translateY_effect_hover_tablet&quot;:{&quot;unit&quot;:&quot;px&quot;,&quot;size&quot;:&quot;&quot;,&quot;sizes&quot;:[]},&quot;_transform_translateY_effect_hover_mobile&quot;:{&quot;unit&quot;:&quot;px&quot;,&quot;size&quot;:&quot;&quot;,&quot;sizes&quot;:[]}}\" data-widget_type=\"button.default\">\n\t\t\t\t<div class=\"elementor-widget-container\">\n\t\t\t\t\t\t\t\t\t<div class=\"elementor-button-wrapper\">\n\t\t\t\t\t<a class=\"elementor-button elementor-button-link elementor-size-sm\" href=\"https:\/\/caec-cabinet.com\/en\/payroll-services\/\">\n\t\t\t\t\t\t<span class=\"elementor-button-content-wrapper\">\n\t\t\t\t\t\t\t\t\t<span class=\"elementor-button-text\">Learn more +<\/span>\n\t\t\t\t\t<\/span>\n\t\t\t\t\t<\/a>\n\t\t\t\t<\/div>\n\t\t\t\t\t\t\t\t<\/div>\n\t\t\t\t<\/div>\n\t\t\t\t<\/div>\n\t\t\t\t<\/div>\n\t\t\t\t\t<\/div>\n\t\t\t\t<\/div>\n\t\t\t\t<\/div>\n\t\t\n    <div class=\"xs_social_share_widget xs_share_url after_content \t\tmain_content  wslu-style-1 wslu-share-box-shaped wslu-fill-colored wslu-none wslu-share-horizontal wslu-theme-font-no wslu-main_content\">\n\n\t\t\n        <ul>\n\t\t\t        <\/ul>\n    <\/div>","protected":false},"excerpt":{"rendered":"<p>International Business Advisory Accueil Nos expertises International Business Advisory Le cabinet CAE&amp;C, analyse avec vous votre projet et met a\u0300 votre disposition des comp\u00e9tences pluridisciplinaires et multiculturelles afin de s\u00e9curiser vos op\u00e9rations et leur apporter les meilleures garanties de succ\u00e8s. Nous accompagnons les soci\u00e9t\u00e9s fran\u00e7aises qui souhaitent profiter du march\u00e9 international et les soci\u00e9t\u00e9s \u00e9trang\u00e8res qui s\u2019installent en France ou en Europe. En France, le cabinet CAE&amp;C accompagne les entreprises \u00e9trang\u00e8res en les d\u00e9chargeant du lourd fardeau de la gestion administrative, comptable, fiscale et juridique. En tant qu\u2019expert de l\u2019environnement fran\u00e7ais et votre partenaire de premier plan, nous analysons avec nous vos besoins afin de proposer la solution la plus optimale \u00e0 m\u00eame de garantir la r\u00e9ussite de votre projet. Un accompagnement sur mesure Tax compliance En savoir+ Accounting and advisory En savoir+ Payroll services En savoir+<\/p>","protected":false},"author":1,"featured_media":0,"parent":0,"menu_order":0,"comment_status":"closed","ping_status":"closed","template":"elementor_header_footer","meta":{"postBodyCss":"","postBodyMargin":[],"postBodyPadding":[],"postBodyBackground":{"backgroundType":"classic","gradient":""},"footnotes":""},"class_list":["post-837","page","type-page","status-publish","hentry"],"_links":{"self":[{"href":"https:\/\/caec-cabinet.com\/en\/wp-json\/wp\/v2\/pages\/837","targetHints":{"allow":["GET"]}}],"collection":[{"href":"https:\/\/caec-cabinet.com\/en\/wp-json\/wp\/v2\/pages"}],"about":[{"href":"https:\/\/caec-cabinet.com\/en\/wp-json\/wp\/v2\/types\/page"}],"author":[{"embeddable":true,"href":"https:\/\/caec-cabinet.com\/en\/wp-json\/wp\/v2\/users\/1"}],"replies":[{"embeddable":true,"href":"https:\/\/caec-cabinet.com\/en\/wp-json\/wp\/v2\/comments?post=837"}],"version-history":[{"count":118,"href":"https:\/\/caec-cabinet.com\/en\/wp-json\/wp\/v2\/pages\/837\/revisions"}],"predecessor-version":[{"id":4310,"href":"https:\/\/caec-cabinet.com\/en\/wp-json\/wp\/v2\/pages\/837\/revisions\/4310"}],"wp:attachment":[{"href":"https:\/\/caec-cabinet.com\/en\/wp-json\/wp\/v2\/media?parent=837"}],"curies":[{"name":"wp","href":"https:\/\/api.w.org\/{rel}","templated":true}]}}