{"id":4366,"date":"2025-11-12T16:06:01","date_gmt":"2025-11-12T15:06:01","guid":{"rendered":"https:\/\/caec-cabinet.com\/?page_id=4366"},"modified":"2025-11-12T16:48:00","modified_gmt":"2025-11-12T15:48:00","slug":"mentions-legales","status":"publish","type":"page","link":"https:\/\/caec-cabinet.com\/en\/mentions-legales\/","title":{"rendered":"Legal notices"},"content":{"rendered":"<div data-elementor-type=\"wp-page\" data-elementor-id=\"4366\" class=\"elementor elementor-4366\">\n\t\t\t\t\t\t<section class=\"elementor-section elementor-top-section elementor-element elementor-element-fb71d4d elementor-section-height-min-height elementor-section-boxed elementor-section-height-default elementor-section-items-middle wpr-particle-no wpr-jarallax-no wpr-parallax-no wpr-sticky-section-no\" data-id=\"fb71d4d\" data-element_type=\"section\" data-settings=\"{&quot;background_background&quot;:&quot;classic&quot;}\">\n\t\t\t\t\t\t\t<div class=\"elementor-background-overlay\"><\/div>\n\t\t\t\t\t\t\t<div class=\"elementor-container elementor-column-gap-default\">\n\t\t\t\t\t<div class=\"elementor-column elementor-col-100 elementor-top-column elementor-element elementor-element-749892b\" data-id=\"749892b\" data-element_type=\"column\">\n\t\t\t<div class=\"elementor-widget-wrap elementor-element-populated\">\n\t\t\t\t\t\t<div class=\"elementor-element elementor-element-0b36fd0 de_scroll_animation_no elementor-invisible elementor-widget elementor-widget-heading\" data-id=\"0b36fd0\" data-element_type=\"widget\" data-settings=\"{&quot;_animation&quot;:&quot;fadeIn&quot;}\" data-widget_type=\"heading.default\">\n\t\t\t\t<div class=\"elementor-widget-container\">\n\t\t\t\t\t<h1 class=\"elementor-heading-title elementor-size-default\">Legal notices<\/h1>\t\t\t\t<\/div>\n\t\t\t\t<\/div>\n\t\t\t\t<div class=\"elementor-element elementor-element-7e649c0 elementor-icon-list--layout-inline elementor-align-center elementor-mobile-align-center elementor-list-item-link-full_width de_scroll_animation_no elementor-invisible elementor-widget elementor-widget-icon-list\" data-id=\"7e649c0\" data-element_type=\"widget\" data-settings=\"{&quot;_animation&quot;:&quot;fadeIn&quot;,&quot;_animation_delay&quot;:200}\" data-widget_type=\"icon-list.default\">\n\t\t\t\t<div class=\"elementor-widget-container\">\n\t\t\t\t\t\t\t<ul class=\"elementor-icon-list-items elementor-inline-items\">\n\t\t\t\t\t\t\t<li class=\"elementor-icon-list-item elementor-inline-item\">\n\t\t\t\t\t\t\t\t\t\t\t<a href=\"https:\/\/caec-cabinet.com\/en\/\">\n\n\t\t\t\t\t\t\t\t\t\t\t<span class=\"elementor-icon-list-text\">Homepage<\/span>\n\t\t\t\t\t\t\t\t\t\t\t<\/a>\n\t\t\t\t\t\t\t\t\t<\/li>\n\t\t\t\t\t\t\t\t<li class=\"elementor-icon-list-item elementor-inline-item\">\n\t\t\t\t\t\t\t\t\t\t\t<a href=\"https:\/\/caec-cabinet.com\/en\/mentions-legales\/\">\n\n\t\t\t\t\t\t\t\t\t\t\t\t<span class=\"elementor-icon-list-icon\">\n\t\t\t\t\t\t\t<i aria-hidden=\"true\" class=\"icon icon-right-arrow1\"><\/i>\t\t\t\t\t\t<\/span>\n\t\t\t\t\t\t\t\t\t\t<span class=\"elementor-icon-list-text\">Legal notices<\/span>\n\t\t\t\t\t\t\t\t\t\t\t<\/a>\n\t\t\t\t\t\t\t\t\t<\/li>\n\t\t\t\t\t\t<\/ul>\n\t\t\t\t\t\t<\/div>\n\t\t\t\t<\/div>\n\t\t\t\t\t<\/div>\n\t\t<\/div>\n\t\t\t\t\t<\/div>\n\t\t<\/section>\n\t\t<div class=\"elementor-element elementor-element-27d84d8 e-flex e-con-boxed wpr-particle-no wpr-jarallax-no wpr-parallax-no wpr-sticky-section-no e-con e-parent\" data-id=\"27d84d8\" data-element_type=\"container\" data-settings=\"{&quot;background_background&quot;:&quot;classic&quot;}\">\n\t\t\t\t\t<div class=\"e-con-inner\">\n\t\t\t\t<div class=\"elementor-element elementor-element-a64efe6 de_scroll_animation_no elementor-widget elementor-widget-heading\" data-id=\"a64efe6\" data-element_type=\"widget\" data-widget_type=\"heading.default\">\n\t\t\t\t<div class=\"elementor-widget-container\">\n\t\t\t\t\t<h2 class=\"elementor-heading-title elementor-size-default\">D\u00e9nomination et raison sociale du cabinet CAE&amp;C,Cabinet d\u2019expertise comptable et d\u2019audit.<\/h2>\t\t\t\t<\/div>\n\t\t\t\t<\/div>\n\t\t\t\t<div class=\"elementor-element elementor-element-9bbc579 de_scroll_animation_no elementor-invisible elementor-widget elementor-widget-text-editor\" data-id=\"9bbc579\" data-element_type=\"widget\" data-settings=\"{&quot;_animation&quot;:&quot;fadeIn&quot;,&quot;_animation_delay&quot;:400}\" data-widget_type=\"text-editor.default\">\n\t\t\t\t<div class=\"elementor-widget-container\">\n\t\t\t\t\t\t\t\t\t<p>SARL (soci\u00e9t\u00e9 \u00e0 responsabilit\u00e9 limit\u00e9e) ayant son si\u00e8ge social au 3 rue Gustave Eiffel 78300 Poissy, num\u00e9ro SIRET : 88126120000011. Joignable par t\u00e9l\u00e9phone au +33(0)6 67 71 86 65 ou par mail sur contact@caec-cabinet.com.<\/p>\t\t\t\t\t\t\t\t<\/div>\n\t\t\t\t<\/div>\n\t\t\t\t<div class=\"elementor-element elementor-element-90f5fba de_scroll_animation_no elementor-widget elementor-widget-heading\" data-id=\"90f5fba\" data-element_type=\"widget\" data-widget_type=\"heading.default\">\n\t\t\t\t<div class=\"elementor-widget-container\">\n\t\t\t\t\t<h2 class=\"elementor-heading-title elementor-size-default\">Directeur de publication\n<\/h2>\t\t\t\t<\/div>\n\t\t\t\t<\/div>\n\t\t\t\t<div class=\"elementor-element elementor-element-5979014 de_scroll_animation_no elementor-invisible elementor-widget elementor-widget-text-editor\" data-id=\"5979014\" data-element_type=\"widget\" data-settings=\"{&quot;_animation&quot;:&quot;fadeIn&quot;,&quot;_animation_delay&quot;:400}\" data-widget_type=\"text-editor.default\">\n\t\t\t\t<div class=\"elementor-widget-container\">\n\t\t\t\t\t\t\t\t\t<p>Monsieur Prosper Coulidiati est directeur de publication du site. Il est joignable aux m\u00eame coordonn\u00e9es relatives \u00e0 la d\u00e9nomination et rasion sociale du cabinet.<\/p>\t\t\t\t\t\t\t\t<\/div>\n\t\t\t\t<\/div>\n\t\t\t\t<div class=\"elementor-element elementor-element-d652aa6 de_scroll_animation_no elementor-widget elementor-widget-heading\" data-id=\"d652aa6\" data-element_type=\"widget\" data-widget_type=\"heading.default\">\n\t\t\t\t<div class=\"elementor-widget-container\">\n\t\t\t\t\t<h2 class=\"elementor-heading-title elementor-size-default\">H\u00e9bergement\n<\/h2>\t\t\t\t<\/div>\n\t\t\t\t<\/div>\n\t\t\t\t<div class=\"elementor-element elementor-element-4916619 de_scroll_animation_no elementor-invisible elementor-widget elementor-widget-text-editor\" data-id=\"4916619\" data-element_type=\"widget\" data-settings=\"{&quot;_animation&quot;:&quot;fadeIn&quot;,&quot;_animation_delay&quot;:400}\" data-widget_type=\"text-editor.default\">\n\t\t\t\t<div class=\"elementor-widget-container\">\n\t\t\t\t\t\t\t\t\t<p>Ce site est h\u00e9berg\u00e9 sur un serveur lou\u00e9 \u00e0 la Soci\u00e9t\u00e9 OVH (www.ovhcloud.com)<br \/>SAS au capital de 50 000 000 \u20ac<br \/>RCS Lille M\u00e9tropole 424 761 419 00045<br \/>Code APE 2620Z<br \/>N\u00b0 TVA : FR 22 424 761 419<br \/>Si\u00e8ge social : 2 rue Kellermann &#8211; 59100 Roubaix &#8211; France<br \/>OVH SAS est une filiale de la soci\u00e9t\u00e9 OVH Groupe SA, soci\u00e9t\u00e9 immatricul\u00e9e au RCS de Lille sous le num\u00e9ro 537 407 926 sise 2, rue Kellermann, 59100 Roubaix.<\/p>\t\t\t\t\t\t\t\t<\/div>\n\t\t\t\t<\/div>\n\t\t\t\t<div class=\"elementor-element elementor-element-43e6362 de_scroll_animation_no elementor-widget elementor-widget-heading\" data-id=\"43e6362\" data-element_type=\"widget\" data-widget_type=\"heading.default\">\n\t\t\t\t<div class=\"elementor-widget-container\">\n\t\t\t\t\t<h2 class=\"elementor-heading-title elementor-size-default\">Liens hypertextes\n<\/h2>\t\t\t\t<\/div>\n\t\t\t\t<\/div>\n\t\t\t\t<div class=\"elementor-element elementor-element-b1259bf de_scroll_animation_no elementor-invisible elementor-widget elementor-widget-text-editor\" data-id=\"b1259bf\" data-element_type=\"widget\" data-settings=\"{&quot;_animation&quot;:&quot;fadeIn&quot;,&quot;_animation_delay&quot;:400}\" data-widget_type=\"text-editor.default\">\n\t\t\t\t<div class=\"elementor-widget-container\">\n\t\t\t\t\t\t\t\t\t<p>Le site www.caec-cabinet.com propose des liens hypertextes vers des sites web \u00e9dit\u00e9s et\/ou g\u00e9r\u00e9s dont l\u2019\u00e9diteur n\u2019est pas Monsieur Prosper Coulidiati.<br \/>Dans la mesure o\u00f9 aucun contr\u00f4le n\u2019est exerc\u00e9 sur ces ressources externes, l\u2019utilisateur reconna\u00eet que Monsieur Prosper Coulidiati n\u2019assume aucune responsabilit\u00e9 relative \u00e0 la mise \u00e0 disposition de ces ressources, et ne peut \u00eatre tenue responsable quant \u00e0 leur contenu.<\/p>\t\t\t\t\t\t\t\t<\/div>\n\t\t\t\t<\/div>\n\t\t\t\t<div class=\"elementor-element elementor-element-c976bb6 de_scroll_animation_no elementor-widget elementor-widget-heading\" data-id=\"c976bb6\" data-element_type=\"widget\" data-widget_type=\"heading.default\">\n\t\t\t\t<div class=\"elementor-widget-container\">\n\t\t\t\t\t<h2 class=\"elementor-heading-title elementor-size-default\">Limite de responsabilit\u00e9\n<\/h2>\t\t\t\t<\/div>\n\t\t\t\t<\/div>\n\t\t\t\t<div class=\"elementor-element elementor-element-7f8023c de_scroll_animation_no elementor-invisible elementor-widget elementor-widget-text-editor\" data-id=\"7f8023c\" data-element_type=\"widget\" data-settings=\"{&quot;_animation&quot;:&quot;fadeIn&quot;,&quot;_animation_delay&quot;:400}\" data-widget_type=\"text-editor.default\">\n\t\t\t\t<div class=\"elementor-widget-container\">\n\t\t\t\t\t\t\t\t\t<p>Monsieur Prosper Coulidiati met tout en \u0153uvre pour diffuser des informations exactes et mises \u00e0 jour.<\/p>\t\t\t\t\t\t\t\t<\/div>\n\t\t\t\t<\/div>\n\t\t\t\t<div class=\"elementor-element elementor-element-c29b45f de_scroll_animation_no elementor-widget elementor-widget-heading\" data-id=\"c29b45f\" data-element_type=\"widget\" data-widget_type=\"heading.default\">\n\t\t\t\t<div class=\"elementor-widget-container\">\n\t\t\t\t\t<h2 class=\"elementor-heading-title elementor-size-default\">Disponibilit\u00e9 du site\n<\/h2>\t\t\t\t<\/div>\n\t\t\t\t<\/div>\n\t\t\t\t<div class=\"elementor-element elementor-element-3e221ca de_scroll_animation_no elementor-invisible elementor-widget elementor-widget-text-editor\" data-id=\"3e221ca\" data-element_type=\"widget\" data-settings=\"{&quot;_animation&quot;:&quot;fadeIn&quot;,&quot;_animation_delay&quot;:400}\" data-widget_type=\"text-editor.default\">\n\t\t\t\t<div class=\"elementor-widget-container\">\n\t\t\t\t\t\t\t\t\t<p>Le site internet www.caec-cabinet.com est accessible 24 heures sur 24 et 7 jours sur 7 \u00e0 l\u2019exception des cas de force majeure, difficult\u00e9s informatiques, difficult\u00e9s li\u00e9es aux r\u00e9seaux de t\u00e9l\u00e9communications ou difficult\u00e9s techniques. Pour des raisons de maintenance, Monsieur Prosper Coulidiati pourra interrompre l\u2019acc\u00e8s au site.<br \/>Monsieur Prosper Coulidiati met en \u0153uvre tous les moyens raisonnables \u00e0 sa disposition pour assurer un acc\u00e8s de qualit\u00e9 aux services du site, mais n\u2019est tenu \u00e0 aucune obligation d\u2019y parvenir.<\/p>\t\t\t\t\t\t\t\t<\/div>\n\t\t\t\t<\/div>\n\t\t\t\t<div class=\"elementor-element elementor-element-f400d51 de_scroll_animation_no elementor-widget elementor-widget-heading\" data-id=\"f400d51\" data-element_type=\"widget\" data-widget_type=\"heading.default\">\n\t\t\t\t<div class=\"elementor-widget-container\">\n\t\t\t\t\t<h2 class=\"elementor-heading-title elementor-size-default\">Loi applicable - Litiges<\/h2>\t\t\t\t<\/div>\n\t\t\t\t<\/div>\n\t\t\t\t<div class=\"elementor-element elementor-element-6794ad7 de_scroll_animation_no elementor-invisible elementor-widget elementor-widget-text-editor\" data-id=\"6794ad7\" data-element_type=\"widget\" data-settings=\"{&quot;_animation&quot;:&quot;fadeIn&quot;,&quot;_animation_delay&quot;:400}\" data-widget_type=\"text-editor.default\">\n\t\t\t\t<div class=\"elementor-widget-container\">\n\t\t\t\t\t\t\t\t\t<p>Les pr\u00e9sentes CGU du Site sont r\u00e9gies par la loi fran\u00e7aise.<br \/>Seule la version fran\u00e7aise des CGU fait foi entre les parties et pourra \u00eatre produite en justice.<br \/>Toute contestation ou litige relatif \u00e0 l\u2019interpr\u00e9tation et\/ou l\u2019ex\u00e9cution des CGU, qui n\u2019auront pu \u00eatre r\u00e9gl\u00e9s \u00e0 l\u2019amiable, seront de la comp\u00e9tence exclusive des tribunaux comp\u00e9tents dans le ressort de la Cour d\u2019appel de Paris (France).<\/p>\t\t\t\t\t\t\t\t<\/div>\n\t\t\t\t<\/div>\n\t\t\t\t<div class=\"elementor-element elementor-element-6101ef2 de_scroll_animation_no elementor-widget elementor-widget-heading\" data-id=\"6101ef2\" data-element_type=\"widget\" data-widget_type=\"heading.default\">\n\t\t\t\t<div class=\"elementor-widget-container\">\n\t\t\t\t\t<h2 class=\"elementor-heading-title elementor-size-default\">Dispositions diverses<\/h2>\t\t\t\t<\/div>\n\t\t\t\t<\/div>\n\t\t\t\t<div class=\"elementor-element elementor-element-37c1a18 de_scroll_animation_no elementor-invisible elementor-widget elementor-widget-text-editor\" data-id=\"37c1a18\" data-element_type=\"widget\" data-settings=\"{&quot;_animation&quot;:&quot;fadeIn&quot;,&quot;_animation_delay&quot;:400}\" data-widget_type=\"text-editor.default\">\n\t\t\t\t<div class=\"elementor-widget-container\">\n\t\t\t\t\t\t\t\t\t<p>Toute cession, ou autre transfert des droits conf\u00e9r\u00e9s par les pr\u00e9sentes CGU est strictement interdit. <br \/>Si, pour quelque raison que ce soit, une clause des CGU devenait ill\u00e9gale ou \u00e9tait d\u00e9clar\u00e9e nulle, l\u2019ill\u00e9galit\u00e9 ou la nullit\u00e9 de ladite clause n\u2019entra\u00eenerait pas l\u2019ill\u00e9galit\u00e9 ou la nullit\u00e9 des autres stipulations qui demeureront en vigueur.<br \/>Le fait que l\u2019une des parties ne revendique pas l\u2019application d\u2019une clause quelconque des pr\u00e9sentes CGU, que ce soit de mani\u00e8re temporaire ou permanente, ne pourra \u00eatre interpr\u00e9t\u00e9 comme une renonciation par cette partie aux droits qui d\u00e9coulent pour elle de ladite clause.<\/p>\t\t\t\t\t\t\t\t<\/div>\n\t\t\t\t<\/div>\n\t\t\t\t\t<\/div>\n\t\t\t\t<\/div>\n\t\t\t\t<\/div>\n\t\t\n    <div class=\"xs_social_share_widget xs_share_url after_content \t\tmain_content  wslu-style-1 wslu-share-box-shaped wslu-fill-colored wslu-none wslu-share-horizontal wslu-theme-font-no wslu-main_content\">\n\n\t\t\n        <ul>\n\t\t\t        <\/ul>\n    <\/div>","protected":false},"excerpt":{"rendered":"<p>Mentions l\u00e9gales Accueil Mentions l\u00e9gales D\u00e9nomination et raison sociale du cabinet CAE&amp;C,Cabinet d\u2019expertise comptable et d\u2019audit. SARL (soci\u00e9t\u00e9 \u00e0 responsabilit\u00e9 limit\u00e9e) ayant son si\u00e8ge social au 3 rue Gustave Eiffel 78300 Poissy, num\u00e9ro SIRET : 88126120000011. Joignable par t\u00e9l\u00e9phone au +33(0)6 67 71 86 65 ou par mail sur contact@caec-cabinet.com. Directeur de publication Monsieur Prosper Coulidiati est directeur de publication du site. Il est joignable aux m\u00eame coordonn\u00e9es relatives \u00e0 la d\u00e9nomination et rasion sociale du cabinet. H\u00e9bergement Ce site est h\u00e9berg\u00e9 sur un serveur lou\u00e9 \u00e0 la Soci\u00e9t\u00e9 OVH (www.ovhcloud.com)SAS au capital de 50 000 000 \u20acRCS Lille M\u00e9tropole 424 761 419 00045Code APE 2620ZN\u00b0 TVA : FR 22 424 761 419Si\u00e8ge social : 2 rue Kellermann &#8211; 59100 Roubaix &#8211; FranceOVH SAS est une filiale de la soci\u00e9t\u00e9 OVH Groupe SA, soci\u00e9t\u00e9 immatricul\u00e9e au RCS de Lille sous le num\u00e9ro 537 407 926 sise 2, rue Kellermann, 59100 Roubaix. Liens hypertextes Le site www.caec-cabinet.com propose des liens hypertextes vers des sites web \u00e9dit\u00e9s et\/ou g\u00e9r\u00e9s dont l\u2019\u00e9diteur n\u2019est pas Monsieur Prosper Coulidiati.Dans la mesure o\u00f9 aucun contr\u00f4le n\u2019est exerc\u00e9 sur ces ressources externes, l\u2019utilisateur reconna\u00eet que Monsieur Prosper Coulidiati n\u2019assume aucune responsabilit\u00e9 relative \u00e0 la mise \u00e0 disposition de ces ressources, et ne peut \u00eatre tenue responsable quant \u00e0 leur contenu. Limite de responsabilit\u00e9 Monsieur Prosper Coulidiati met tout en \u0153uvre pour diffuser des informations exactes et mises \u00e0 jour. Disponibilit\u00e9 du site Le site internet www.caec-cabinet.com est accessible 24 heures sur 24 et 7 jours sur 7 \u00e0 l\u2019exception des cas de force majeure, difficult\u00e9s informatiques, difficult\u00e9s li\u00e9es aux r\u00e9seaux de t\u00e9l\u00e9communications ou difficult\u00e9s techniques. Pour des raisons de maintenance, Monsieur Prosper Coulidiati pourra interrompre l\u2019acc\u00e8s au site.Monsieur Prosper Coulidiati met en \u0153uvre tous les moyens raisonnables \u00e0 sa disposition pour assurer un acc\u00e8s de qualit\u00e9 aux services du site, mais n\u2019est tenu \u00e0 aucune obligation d\u2019y parvenir. Loi applicable &#8211; Litiges Les pr\u00e9sentes CGU du Site sont r\u00e9gies par la loi fran\u00e7aise.Seule la version fran\u00e7aise des CGU fait foi entre les parties et pourra \u00eatre produite en justice.Toute contestation ou litige relatif \u00e0 l\u2019interpr\u00e9tation et\/ou l\u2019ex\u00e9cution des CGU, qui n\u2019auront pu \u00eatre r\u00e9gl\u00e9s \u00e0 l\u2019amiable, seront de la comp\u00e9tence exclusive des tribunaux comp\u00e9tents dans le ressort de la Cour d\u2019appel de Paris (France). Dispositions diverses Toute cession, ou autre transfert des droits conf\u00e9r\u00e9s par les pr\u00e9sentes CGU est strictement interdit. Si, pour quelque raison que ce soit, une clause des CGU devenait ill\u00e9gale ou \u00e9tait d\u00e9clar\u00e9e nulle, l\u2019ill\u00e9galit\u00e9 ou la nullit\u00e9 de ladite clause n\u2019entra\u00eenerait pas l\u2019ill\u00e9galit\u00e9 ou la nullit\u00e9 des autres stipulations qui demeureront en vigueur.Le fait que l\u2019une des parties ne revendique pas l\u2019application d\u2019une clause quelconque des pr\u00e9sentes CGU, que ce soit de mani\u00e8re temporaire ou permanente, ne pourra \u00eatre interpr\u00e9t\u00e9 comme une renonciation par cette partie aux droits qui d\u00e9coulent pour elle de ladite clause.<\/p>","protected":false},"author":1,"featured_media":0,"parent":0,"menu_order":0,"comment_status":"closed","ping_status":"closed","template":"elementor_header_footer","meta":{"postBodyCss":"","postBodyMargin":[],"postBodyPadding":[],"postBodyBackground":{"backgroundType":"classic","gradient":""},"footnotes":""},"class_list":["post-4366","page","type-page","status-publish","hentry"],"_links":{"self":[{"href":"https:\/\/caec-cabinet.com\/en\/wp-json\/wp\/v2\/pages\/4366","targetHints":{"allow":["GET"]}}],"collection":[{"href":"https:\/\/caec-cabinet.com\/en\/wp-json\/wp\/v2\/pages"}],"about":[{"href":"https:\/\/caec-cabinet.com\/en\/wp-json\/wp\/v2\/types\/page"}],"author":[{"embeddable":true,"href":"https:\/\/caec-cabinet.com\/en\/wp-json\/wp\/v2\/users\/1"}],"replies":[{"embeddable":true,"href":"https:\/\/caec-cabinet.com\/en\/wp-json\/wp\/v2\/comments?post=4366"}],"version-history":[{"count":4,"href":"https:\/\/caec-cabinet.com\/en\/wp-json\/wp\/v2\/pages\/4366\/revisions"}],"predecessor-version":[{"id":4372,"href":"https:\/\/caec-cabinet.com\/en\/wp-json\/wp\/v2\/pages\/4366\/revisions\/4372"}],"wp:attachment":[{"href":"https:\/\/caec-cabinet.com\/en\/wp-json\/wp\/v2\/media?parent=4366"}],"curies":[{"name":"wp","href":"https:\/\/api.w.org\/{rel}","templated":true}]}}