{"id":1836,"date":"2025-07-11T20:40:00","date_gmt":"2025-07-11T18:40:00","guid":{"rendered":"https:\/\/caec-cabinet.com\/?page_id=1836"},"modified":"2025-11-12T20:57:05","modified_gmt":"2025-11-12T19:57:05","slug":"audit-dacquisition","status":"publish","type":"page","link":"https:\/\/caec-cabinet.com\/en\/audit-dacquisition\/","title":{"rendered":"Business acquisition"},"content":{"rendered":"<div data-elementor-type=\"wp-page\" data-elementor-id=\"1836\" class=\"elementor elementor-1836\">\n\t\t\t\t\t\t<section class=\"elementor-section elementor-top-section elementor-element elementor-element-89af487 elementor-section-height-min-height elementor-section-boxed elementor-section-height-default elementor-section-items-middle wpr-particle-no wpr-jarallax-no wpr-parallax-no wpr-sticky-section-no\" data-id=\"89af487\" data-element_type=\"section\" data-settings=\"{&quot;background_background&quot;:&quot;classic&quot;}\">\n\t\t\t\t\t\t\t<div class=\"elementor-background-overlay\"><\/div>\n\t\t\t\t\t\t\t<div class=\"elementor-container elementor-column-gap-default\">\n\t\t\t\t\t<div class=\"elementor-column elementor-col-100 elementor-top-column elementor-element elementor-element-6428e74\" data-id=\"6428e74\" data-element_type=\"column\">\n\t\t\t<div class=\"elementor-widget-wrap elementor-element-populated\">\n\t\t\t\t\t\t<div class=\"elementor-element elementor-element-54f7b8f de_scroll_animation_no elementor-invisible elementor-widget elementor-widget-heading\" data-id=\"54f7b8f\" data-element_type=\"widget\" data-settings=\"{&quot;_animation&quot;:&quot;fadeIn&quot;}\" data-widget_type=\"heading.default\">\n\t\t\t\t<div class=\"elementor-widget-container\">\n\t\t\t\t\t<h1 class=\"elementor-heading-title elementor-size-default\">Business acquisition<\/h1>\t\t\t\t<\/div>\n\t\t\t\t<\/div>\n\t\t\t\t<div class=\"elementor-element elementor-element-e4cd729 elementor-vertical-align-top de_scroll_animation_no elementor-invisible elementor-widget elementor-widget-icon-box\" data-id=\"e4cd729\" data-element_type=\"widget\" data-settings=\"{&quot;_animation&quot;:&quot;fadeIn&quot;,&quot;_animation_delay&quot;:400}\" data-widget_type=\"icon-box.default\">\n\t\t\t\t<div class=\"elementor-widget-container\">\n\t\t\t\t\t\t\t<div class=\"elementor-icon-box-wrapper\">\n\n\t\t\t\n\t\t\t\t\t\t<div class=\"elementor-icon-box-content\">\n\n\t\t\t\t\t\t\t\t\t<h3 class=\"elementor-icon-box-title\">\n\t\t\t\t\t\t<span  >\n\t\t\t\t\t\t\tUncovering risks and verifying opportunities\t\t\t\t\t\t<\/span>\n\t\t\t\t\t<\/h3>\n\t\t\t\t\n\t\t\t\t\n\t\t\t<\/div>\n\t\t\t\n\t\t<\/div>\n\t\t\t\t\t\t<\/div>\n\t\t\t\t<\/div>\n\t\t\t\t<div class=\"elementor-element elementor-element-62c7b41 elementor-widget-divider--view-line de_scroll_animation_no elementor-widget elementor-widget-divider\" data-id=\"62c7b41\" data-element_type=\"widget\" data-widget_type=\"divider.default\">\n\t\t\t\t<div class=\"elementor-widget-container\">\n\t\t\t\t\t\t\t<div class=\"elementor-divider\">\n\t\t\t<span class=\"elementor-divider-separator\">\n\t\t\t\t\t\t<\/span>\n\t\t<\/div>\n\t\t\t\t\t\t<\/div>\n\t\t\t\t<\/div>\n\t\t\t\t<div class=\"elementor-element elementor-element-65f75bf elementor-icon-list--layout-inline elementor-align-center elementor-mobile-align-center elementor-list-item-link-full_width de_scroll_animation_no elementor-invisible elementor-widget elementor-widget-icon-list\" data-id=\"65f75bf\" data-element_type=\"widget\" data-settings=\"{&quot;_animation&quot;:&quot;fadeIn&quot;,&quot;_animation_delay&quot;:200}\" data-widget_type=\"icon-list.default\">\n\t\t\t\t<div class=\"elementor-widget-container\">\n\t\t\t\t\t\t\t<ul class=\"elementor-icon-list-items elementor-inline-items\">\n\t\t\t\t\t\t\t<li class=\"elementor-icon-list-item elementor-inline-item\">\n\t\t\t\t\t\t\t\t\t\t\t<a href=\"https:\/\/caec-cabinet.com\/en\/nos-expertises\/\">\n\n\t\t\t\t\t\t\t\t\t\t\t<span class=\"elementor-icon-list-text\">Our expertises<\/span>\n\t\t\t\t\t\t\t\t\t\t\t<\/a>\n\t\t\t\t\t\t\t\t\t<\/li>\n\t\t\t\t\t\t\t\t<li class=\"elementor-icon-list-item elementor-inline-item\">\n\t\t\t\t\t\t\t\t\t\t\t<a href=\"https:\/\/caec-cabinet.com\/en\/audit-et-assurance\/\">\n\n\t\t\t\t\t\t\t\t\t\t\t\t<span class=\"elementor-icon-list-icon\">\n\t\t\t\t\t\t\t<i aria-hidden=\"true\" class=\"icon icon-right-arrow1\"><\/i>\t\t\t\t\t\t<\/span>\n\t\t\t\t\t\t\t\t\t\t<span class=\"elementor-icon-list-text\">Audit and assurance<\/span>\n\t\t\t\t\t\t\t\t\t\t\t<\/a>\n\t\t\t\t\t\t\t\t\t<\/li>\n\t\t\t\t\t\t\t\t<li class=\"elementor-icon-list-item elementor-inline-item\">\n\t\t\t\t\t\t\t\t\t\t\t<a href=\"https:\/\/caec-cabinet.com\/en\/audit-dacquisition-cession-dentreprise\/\">\n\n\t\t\t\t\t\t\t\t\t\t\t\t<span class=\"elementor-icon-list-icon\">\n\t\t\t\t\t\t\t<i aria-hidden=\"true\" class=\"icon icon-right-arrow1\"><\/i>\t\t\t\t\t\t<\/span>\n\t\t\t\t\t\t\t\t\t\t<span class=\"elementor-icon-list-text\">Business acquisition<\/span>\n\t\t\t\t\t\t\t\t\t\t\t<\/a>\n\t\t\t\t\t\t\t\t\t<\/li>\n\t\t\t\t\t\t<\/ul>\n\t\t\t\t\t\t<\/div>\n\t\t\t\t<\/div>\n\t\t\t\t\t<\/div>\n\t\t<\/div>\n\t\t\t\t\t<\/div>\n\t\t<\/section>\n\t\t<div class=\"elementor-element elementor-element-dc0da8e e-flex e-con-boxed wpr-particle-no wpr-jarallax-no wpr-parallax-no wpr-sticky-section-no e-con e-parent\" data-id=\"dc0da8e\" data-element_type=\"container\">\n\t\t\t\t\t<div class=\"e-con-inner\">\n\t\t<div class=\"elementor-element elementor-element-f923724 e-con-full e-flex wpr-particle-no wpr-jarallax-no wpr-parallax-no wpr-sticky-section-no e-con e-child\" data-id=\"f923724\" data-element_type=\"container\" data-settings=\"{&quot;background_background&quot;:&quot;classic&quot;}\">\n\t\t<div class=\"elementor-element elementor-element-38a1c23 e-con-full e-flex wpr-particle-no wpr-jarallax-no wpr-parallax-no wpr-sticky-section-no e-con e-child\" data-id=\"38a1c23\" data-element_type=\"container\" data-settings=\"{&quot;background_background&quot;:&quot;classic&quot;}\">\n\t\t\t\t<div class=\"elementor-element elementor-element-64325ff animated-slow de_scroll_animation_no elementor-invisible elementor-widget elementor-widget-text-editor\" data-id=\"64325ff\" data-element_type=\"widget\" data-settings=\"{&quot;_animation&quot;:&quot;fadeIn&quot;,&quot;_animation_delay&quot;:400}\" data-widget_type=\"text-editor.default\">\n\t\t\t\t<div class=\"elementor-widget-container\">\n\t\t\t\t\t\t\t\t\t<p><span style=\"font-weight: 400;\">Acquiring a business is a big moment for an entrepreneur. However, they take on particularly high risk, given how complex the operation is.<\/span><\/p><p><span style=\"font-weight: 400;\">Taking control of a business is a leap of faith that must take into account all kinds of risks, including financial, social, legal, commercial and tax. You must make a fully-informed decision about this in order to avoid surprises and pitfalls.<\/span><\/p><p><span style=\"font-weight: 400;\">Our specialist teams will support you throughout your project so that you are not in the dark about anything. As part of our investigations, we review all relevant aspects that are essential to making a decision about this.<\/span><\/p>\t\t\t\t\t\t\t\t<\/div>\n\t\t\t\t<\/div>\n\t\t\t\t<div class=\"elementor-element elementor-element-e363db5 animated-slow e-transform de_scroll_animation_no elementor-invisible elementor-widget elementor-widget-image\" data-id=\"e363db5\" data-element_type=\"widget\" data-settings=\"{&quot;_animation&quot;:&quot;fadeIn&quot;,&quot;_transform_translateY_effect_hover&quot;:{&quot;unit&quot;:&quot;px&quot;,&quot;size&quot;:-6,&quot;sizes&quot;:[]},&quot;_transform_translateX_effect_hover&quot;:{&quot;unit&quot;:&quot;px&quot;,&quot;size&quot;:&quot;&quot;,&quot;sizes&quot;:[]},&quot;_transform_translateX_effect_hover_tablet&quot;:{&quot;unit&quot;:&quot;px&quot;,&quot;size&quot;:&quot;&quot;,&quot;sizes&quot;:[]},&quot;_transform_translateX_effect_hover_mobile&quot;:{&quot;unit&quot;:&quot;px&quot;,&quot;size&quot;:&quot;&quot;,&quot;sizes&quot;:[]},&quot;_transform_translateY_effect_hover_tablet&quot;:{&quot;unit&quot;:&quot;px&quot;,&quot;size&quot;:&quot;&quot;,&quot;sizes&quot;:[]},&quot;_transform_translateY_effect_hover_mobile&quot;:{&quot;unit&quot;:&quot;px&quot;,&quot;size&quot;:&quot;&quot;,&quot;sizes&quot;:[]}}\" data-widget_type=\"image.default\">\n\t\t\t\t<div class=\"elementor-widget-container\">\n\t\t\t\t\t\t\t\t\t\t\t\t\t\t\t<img fetchpriority=\"high\" decoding=\"async\" width=\"800\" height=\"534\" src=\"http:\/\/caec-cabinet.com\/wp-content\/uploads\/2025\/07\/industrial-designers-working-3d-model-1_BD-1-1024x684.jpg\" class=\"attachment-large size-large wp-image-2537\" alt=\"\" srcset=\"http:\/\/caec-cabinet.com\/wp-content\/uploads\/2025\/07\/industrial-designers-working-3d-model-1_BD-1-1024x684.jpg 1024w, http:\/\/caec-cabinet.com\/wp-content\/uploads\/2025\/07\/industrial-designers-working-3d-model-1_BD-1-300x200.jpg 300w, http:\/\/caec-cabinet.com\/wp-content\/uploads\/2025\/07\/industrial-designers-working-3d-model-1_BD-1-768x513.jpg 768w, http:\/\/caec-cabinet.com\/wp-content\/uploads\/2025\/07\/industrial-designers-working-3d-model-1_BD-1-1536x1026.jpg 1536w, http:\/\/caec-cabinet.com\/wp-content\/uploads\/2025\/07\/industrial-designers-working-3d-model-1_BD-1.jpg 1920w\" sizes=\"(max-width: 800px) 100vw, 800px\" \/>\t\t\t\t\t\t\t\t\t\t\t\t\t\t\t<\/div>\n\t\t\t\t<\/div>\n\t\t\t\t<\/div>\n\t\t<div class=\"elementor-element elementor-element-5e07afc e-con-full e-flex wpr-particle-no wpr-jarallax-no wpr-parallax-no wpr-sticky-section-no e-con e-child\" data-id=\"5e07afc\" data-element_type=\"container\">\n\t\t\t\t<div class=\"elementor-element elementor-element-96f9f4f elementor-position-left elementor-vertical-align-middle elementor-view-default elementor-mobile-position-top de_scroll_animation_no elementor-widget elementor-widget-icon-box\" data-id=\"96f9f4f\" data-element_type=\"widget\" data-widget_type=\"icon-box.default\">\n\t\t\t\t<div class=\"elementor-widget-container\">\n\t\t\t\t\t\t\t<div class=\"elementor-icon-box-wrapper\">\n\n\t\t\t\t\t\t<div class=\"elementor-icon-box-icon\">\n\t\t\t\t<span  class=\"elementor-icon\">\n\t\t\t\t<i aria-hidden=\"true\" class=\"icon icon-target-2\"><\/i>\t\t\t\t<\/span>\n\t\t\t<\/div>\n\t\t\t\n\t\t\t\t\t\t<div class=\"elementor-icon-box-content\">\n\n\t\t\t\t\t\t\t\t\t<h3 class=\"elementor-icon-box-title\">\n\t\t\t\t\t\t<span  >\n\t\t\t\t\t\t\tOur service sets out to:\t\t\t\t\t\t<\/span>\n\t\t\t\t\t<\/h3>\n\t\t\t\t\n\t\t\t\t\n\t\t\t<\/div>\n\t\t\t\n\t\t<\/div>\n\t\t\t\t\t\t<\/div>\n\t\t\t\t<\/div>\n\t\t\t\t<div class=\"elementor-element elementor-element-848f6e4 animated-slow de_scroll_animation_no elementor-invisible elementor-widget elementor-widget-text-editor\" data-id=\"848f6e4\" data-element_type=\"widget\" data-settings=\"{&quot;_animation&quot;:&quot;fadeIn&quot;}\" data-widget_type=\"text-editor.default\">\n\t\t\t\t<div class=\"elementor-widget-container\">\n\t\t\t\t\t\t\t\t\t<ul><li style=\"font-weight: 400;\" aria-level=\"1\"><span style=\"font-weight: 400;\">Gather and provide you with the information that you need to make decisions.<\/span><\/li><li style=\"font-weight: 400;\" aria-level=\"1\"><span style=\"font-weight: 400;\">Inform you about the risks that you are taking and the risks that you need to cover.<\/span><\/li><li style=\"font-weight: 400;\" aria-level=\"1\"><span style=\"font-weight: 400;\">Provide you with some points for the negotiation table.<\/span><\/li><li style=\"font-weight: 400;\" aria-level=\"1\"><span style=\"font-weight: 400;\">Check compliance with the contractual terms for funding.<\/span><\/li><li style=\"font-weight: 400;\" aria-level=\"1\"><span style=\"font-weight: 400;\">Advise you on asset and liability guarantees.<\/span><\/li><\/ul>\t\t\t\t\t\t\t\t<\/div>\n\t\t\t\t<\/div>\n\t\t<div class=\"elementor-element elementor-element-1d2b628 e-con-full e-flex wpr-particle-no wpr-jarallax-no wpr-parallax-no wpr-sticky-section-no e-con e-child\" data-id=\"1d2b628\" data-element_type=\"container\">\n\t\t\t\t<div class=\"elementor-element elementor-element-5ccff71 elementor-position-left elementor-vertical-align-middle elementor-view-default elementor-mobile-position-top de_scroll_animation_no elementor-widget elementor-widget-icon-box\" data-id=\"5ccff71\" data-element_type=\"widget\" data-widget_type=\"icon-box.default\">\n\t\t\t\t<div class=\"elementor-widget-container\">\n\t\t\t\t\t\t\t<div class=\"elementor-icon-box-wrapper\">\n\n\t\t\t\t\t\t<div class=\"elementor-icon-box-icon\">\n\t\t\t\t<span  class=\"elementor-icon\">\n\t\t\t\t<i aria-hidden=\"true\" class=\"icon icon-plus-circle\"><\/i>\t\t\t\t<\/span>\n\t\t\t<\/div>\n\t\t\t\n\t\t\t\t\t\t<div class=\"elementor-icon-box-content\">\n\n\t\t\t\t\t\t\t\t\t<h3 class=\"elementor-icon-box-title\">\n\t\t\t\t\t\t<span  >\n\t\t\t\t\t\t\tBy doing do, we will help you to:\t\t\t\t\t\t<\/span>\n\t\t\t\t\t<\/h3>\n\t\t\t\t\n\t\t\t\t\n\t\t\t<\/div>\n\t\t\t\n\t\t<\/div>\n\t\t\t\t\t\t<\/div>\n\t\t\t\t<\/div>\n\t\t\t\t<div class=\"elementor-element elementor-element-8bd45cf animated-slow de_scroll_animation_no elementor-invisible elementor-widget elementor-widget-text-editor\" data-id=\"8bd45cf\" data-element_type=\"widget\" data-settings=\"{&quot;_animation&quot;:&quot;fadeIn&quot;}\" data-widget_type=\"text-editor.default\">\n\t\t\t\t<div class=\"elementor-widget-container\">\n\t\t\t\t\t\t\t\t\t<ul><li style=\"font-weight: 400;\" aria-level=\"1\"><span style=\"font-weight: 400;\">Reduce the amount of risk taken by avoiding pitfalls<\/span><\/li><li style=\"font-weight: 400;\" aria-level=\"1\"><span style=\"font-weight: 400;\">Secure your investments by covering your risks.<\/span><\/li><li style=\"font-weight: 400;\" aria-level=\"1\"><span style=\"font-weight: 400;\">Protect yourself from all kinds of risks, including legal, tax and commercial.<\/span><\/li><li style=\"font-weight: 400;\" aria-level=\"1\"><span style=\"font-weight: 400;\">Come to a decision on the basis of reliable accounting and financial information.<\/span><\/li><\/ul>\t\t\t\t\t\t\t\t<\/div>\n\t\t\t\t<\/div>\n\t\t\t\t<\/div>\n\t\t\t\t<\/div>\n\t\t\t\t<\/div>\n\t\t\t\t\t<\/div>\n\t\t\t\t<\/div>\n\t\t<div class=\"elementor-element elementor-element-bf5a3ce e-flex e-con-boxed wpr-particle-no wpr-jarallax-no wpr-parallax-no wpr-sticky-section-no e-con e-parent\" data-id=\"bf5a3ce\" data-element_type=\"container\" data-settings=\"{&quot;background_background&quot;:&quot;classic&quot;}\">\n\t\t\t\t\t<div class=\"e-con-inner\">\n\t\t<div class=\"elementor-element elementor-element-6d42bcb e-con-full e-flex wpr-particle-no wpr-jarallax-no wpr-parallax-no wpr-sticky-section-no e-con e-child\" data-id=\"6d42bcb\" data-element_type=\"container\" data-settings=\"{&quot;background_background&quot;:&quot;classic&quot;}\">\n\t\t<div class=\"elementor-element elementor-element-430f952 e-flex e-con-boxed wpr-particle-no wpr-jarallax-no wpr-parallax-no wpr-sticky-section-no e-con e-child\" data-id=\"430f952\" data-element_type=\"container\">\n\t\t\t\t\t<div class=\"e-con-inner\">\n\t\t\t\t<div class=\"elementor-element elementor-element-6f74fc8 de_scroll_animation_no elementor-widget elementor-widget-heading\" data-id=\"6f74fc8\" data-element_type=\"widget\" data-widget_type=\"heading.default\">\n\t\t\t\t<div class=\"elementor-widget-container\">\n\t\t\t\t\t<h2 class=\"elementor-heading-title elementor-size-default translation-block\">Discover all our expertise<\/h2>\t\t\t\t<\/div>\n\t\t\t\t<\/div>\n\t\t<div class=\"elementor-element elementor-element-c5257fd e-con-full e-flex wpr-particle-no wpr-jarallax-no wpr-parallax-no wpr-sticky-section-no e-con e-child\" data-id=\"c5257fd\" data-element_type=\"container\">\n\t\t\t\t<div class=\"elementor-element elementor-element-63ec299 de_scroll_animation_no elementor-invisible elementor-widget elementor-widget-button\" data-id=\"63ec299\" data-element_type=\"widget\" data-settings=\"{&quot;_animation&quot;:&quot;fadeIn&quot;,&quot;_animation_delay&quot;:600}\" data-widget_type=\"button.default\">\n\t\t\t\t<div class=\"elementor-widget-container\">\n\t\t\t\t\t\t\t\t\t<div class=\"elementor-button-wrapper\">\n\t\t\t\t\t<a class=\"elementor-button elementor-button-link elementor-size-sm elementor-animation-float\" href=\"https:\/\/caec-cabinet.com\/en\/nos-expertises\/\" target=\"_blank\">\n\t\t\t\t\t\t<span class=\"elementor-button-content-wrapper\">\n\t\t\t\t\t\t\t\t\t<span class=\"elementor-button-text\">Learn more +<\/span>\n\t\t\t\t\t<\/span>\n\t\t\t\t\t<\/a>\n\t\t\t\t<\/div>\n\t\t\t\t\t\t\t\t<\/div>\n\t\t\t\t<\/div>\n\t\t\t\t<div class=\"elementor-element elementor-element-d1a630e de_scroll_animation_no elementor-invisible elementor-widget elementor-widget-button\" data-id=\"d1a630e\" data-element_type=\"widget\" data-settings=\"{&quot;_animation&quot;:&quot;fadeIn&quot;,&quot;_animation_delay&quot;:700}\" data-widget_type=\"button.default\">\n\t\t\t\t<div class=\"elementor-widget-container\">\n\t\t\t\t\t\t\t\t\t<div class=\"elementor-button-wrapper\">\n\t\t\t\t\t<a class=\"elementor-button elementor-button-link elementor-size-sm elementor-animation-float\" href=\"https:\/\/caec-cabinet.com\/en\/nous-contacter\/\">\n\t\t\t\t\t\t<span class=\"elementor-button-content-wrapper\">\n\t\t\t\t\t\t\t\t\t<span class=\"elementor-button-text\">Contact us<\/span>\n\t\t\t\t\t<\/span>\n\t\t\t\t\t<\/a>\n\t\t\t\t<\/div>\n\t\t\t\t\t\t\t\t<\/div>\n\t\t\t\t<\/div>\n\t\t\t\t<\/div>\n\t\t\t\t\t<\/div>\n\t\t\t\t<\/div>\n\t\t\t\t<\/div>\n\t\t\t\t\t<\/div>\n\t\t\t\t<\/div>\n\t\t\t\t<\/div>\n\t\t\n    <div class=\"xs_social_share_widget xs_share_url after_content \t\tmain_content  wslu-style-1 wslu-share-box-shaped wslu-fill-colored wslu-none wslu-share-horizontal wslu-theme-font-no wslu-main_content\">\n\n\t\t\n        <ul>\n\t\t\t        <\/ul>\n    <\/div>","protected":false},"excerpt":{"rendered":"<p>Audit d\u2019acquisition R\u00e9v\u00e9ler les risques, valider les opportunit\u00e9s Nos expertises Audit et assurance Audit d\u2019acquisition L\u2019acquisition d\u2019une entreprise est un \u00e9v\u00e9nement important pour un entrepreneur. La prise de risque est d\u2019autant plus importante au regard de la complexit\u00e9 de l\u2019op\u00e9ration. La prise de contr\u00f4le d\u2019une entreprise est un pari sur l\u2019avenir qui doit prendre en compte les risques financiers, sociaux, juridiques, commerciaux, fiscaux\u2026.Une telle d\u00e9cision doit se faire en toute connaissance de cause afin d\u2019\u00e9viter les surprises et les pi\u00e8ges. Nos \u00e9quipes sp\u00e9cialis\u00e9es vous accompagnent tout au long de votre projet afin de vous \u00e9clairer. Dans le cadre de nos investigations, nous passons en revue l\u2019ensemble des aspects pertinents indispensables \u00e0 cette prise de d\u00e9cision. Notre intervention aura pour but de notamment : De collecter et vous fournir les informations n\u00e9cessaires \u00e0 la prise de d\u00e9cision. Vous informer sur les risques que vous prenez et ceux \u00e0 couvrir. Vous apporter des arguments de n\u00e9gociation. Contr\u00f4ler le respect des \u00e9l\u00e9ments contractuels de financement. Vous conseiller dans le cadre des garanties d\u2019actif et passif. Nous vous permettrons ainsi de : R\u00e9duire la prise de risques en \u00e9vitant les pi\u00e8ges S\u00e9curiser vos investissements en couvrant vos risques. Vous mettre \u00e0 l\u2019abri des risques juridiques, fiscaux, commerciaux\u2026 D\u00e9cider sur la base d\u2019une information comptable et financi\u00e8re fiable. D\u00e9couvrir toutesnos expertises En savoir+ Nous contacter<\/p>","protected":false},"author":1,"featured_media":0,"parent":0,"menu_order":0,"comment_status":"closed","ping_status":"closed","template":"elementor_header_footer","meta":{"postBodyCss":"","postBodyMargin":[],"postBodyPadding":[],"postBodyBackground":{"backgroundType":"classic","gradient":""},"footnotes":""},"class_list":["post-1836","page","type-page","status-publish","hentry"],"_links":{"self":[{"href":"https:\/\/caec-cabinet.com\/en\/wp-json\/wp\/v2\/pages\/1836","targetHints":{"allow":["GET"]}}],"collection":[{"href":"https:\/\/caec-cabinet.com\/en\/wp-json\/wp\/v2\/pages"}],"about":[{"href":"https:\/\/caec-cabinet.com\/en\/wp-json\/wp\/v2\/types\/page"}],"author":[{"embeddable":true,"href":"https:\/\/caec-cabinet.com\/en\/wp-json\/wp\/v2\/users\/1"}],"replies":[{"embeddable":true,"href":"https:\/\/caec-cabinet.com\/en\/wp-json\/wp\/v2\/comments?post=1836"}],"version-history":[{"count":44,"href":"https:\/\/caec-cabinet.com\/en\/wp-json\/wp\/v2\/pages\/1836\/revisions"}],"predecessor-version":[{"id":4448,"href":"https:\/\/caec-cabinet.com\/en\/wp-json\/wp\/v2\/pages\/1836\/revisions\/4448"}],"wp:attachment":[{"href":"https:\/\/caec-cabinet.com\/en\/wp-json\/wp\/v2\/media?parent=1836"}],"curies":[{"name":"wp","href":"https:\/\/api.w.org\/{rel}","templated":true}]}}